{"id":4639,"date":"2017-11-29T19:00:36","date_gmt":"2017-11-29T18:00:36","guid":{"rendered":"http:\/\/www.elbstand.de\/?page_id=4639"},"modified":"2021-03-04T13:57:25","modified_gmt":"2021-03-04T12:57:25","slug":"messebau-stellenangebote","status":"publish","type":"page","link":"https:\/\/www.elbstand.de\/en\/messebau-stellenangebote\/","title":{"rendered":"Jobs"},"content":{"rendered":"<p>[et_pb_section fb_built=&#8220;1&#8243; fullwidth=&#8220;on&#8220; custom_padding_last_edited=&#8220;on|desktop&#8220; admin_label=&#8220;section&#8220; _builder_version=&#8220;3.22&#8243; background_color=&#8220;#ffffff&#8220; background_image=&#8220;https:\/\/www.elbstand.de\/wp-content\/uploads\/2016\/07\/elbstand_hamburg.jpg&#8220; parallax=&#8220;on&#8220; custom_padding_tablet=&#8220;50px|0|50px|0&#8243; custom_padding_phone=&#8220;&#8220; custom_css_main_element=&#8220;height:300px;&#8220; transparent_background=&#8220;off&#8220; padding_mobile=&#8220;off&#8220; make_fullwidth=&#8220;off&#8220; use_custom_width=&#8220;off&#8220; width_unit=&#8220;on&#8220; global_module=&#8220;4213&#8243;][\/et_pb_section][et_pb_section fb_built=&#8220;1&#8243; custom_padding_last_edited=&#8220;on|desktop&#8220; module_id=&#8220;messebau&#8220; _builder_version=&#8220;3.22&#8243; background_color=&#8220;#ffffff&#8220; custom_padding_tablet=&#8220;50px|0|50px|0&#8243; custom_padding_phone=&#8220;&#8220; transparent_background=&#8220;off&#8220; padding_mobile=&#8220;off&#8220; make_fullwidth=&#8220;off&#8220; use_custom_width=&#8220;off&#8220; width_unit=&#8220;on&#8220;][et_pb_row _builder_version=&#8220;3.25&#8243; background_size=&#8220;initial&#8220; background_position=&#8220;top_left&#8220; background_repeat=&#8220;repeat&#8220;][et_pb_column type=&#8220;4_4&#8243; _builder_version=&#8220;3.25&#8243; custom_padding=&#8220;|||&#8220; custom_padding__hover=&#8220;|||&#8220;][et_pb_text _builder_version=&#8220;3.27.4&#8243; module_alignment=&#8220;left&#8220; custom_padding=&#8220;||-10px|&#8220; border_color_all=&#8220;#ffffff&#8220; border_style_all=&#8220;solid&#8220; use_border_color=&#8220;off&#8220; border_color=&#8220;#ffffff&#8220; border_style=&#8220;solid&#8220;]<\/p>\n<h3>WE LOOK FOR TEAM MEMBERS<\/h3>\n<h1>Job vacancies (Germany)<\/h1>\n<p>[\/et_pb_text][\/et_pb_column][\/et_pb_row][et_pb_row padding_mobile=&#8220;off&#8220; column_padding_mobile=&#8220;on&#8220; _builder_version=&#8220;3.25&#8243; background_size=&#8220;initial&#8220; background_position=&#8220;top_left&#8220; background_repeat=&#8220;repeat&#8220; custom_padding=&#8220;0px|||&#8220; make_fullwidth=&#8220;off&#8220; use_custom_width=&#8220;off&#8220; width_unit=&#8220;on&#8220; column_structure=&#8220;1_3,2_3&#8243;][et_pb_column type=&#8220;1_3&#8243; _builder_version=&#8220;3.25&#8243; custom_padding=&#8220;|||&#8220; custom_padding__hover=&#8220;|||&#8220;][et_pb_text _builder_version=&#8220;3.27.4&#8243; header_text_align=&#8220;center&#8220; background_layout=&#8220;dark&#8220; module_alignment=&#8220;left&#8220; border_color_all=&#8220;#ffffff&#8220; use_border_color=&#8220;off&#8220;]<\/p>\n<h2><strong><span style=\"color: #7b7c7e;\">Tischlergesellen\/-in<\/span><\/strong><\/h2>\n<p>[\/et_pb_text][\/et_pb_column][et_pb_column type=&#8220;2_3&#8243; _builder_version=&#8220;3.25&#8243; custom_padding=&#8220;|||&#8220; custom_padding__hover=&#8220;|||&#8220;][et_pb_text _builder_version=&#8220;3.27.4&#8243; module_alignment=&#8220;left&#8220; border_color_all=&#8220;#ffffff&#8220; use_border_color=&#8220;off&#8220; custom_margin=&#8220;||28px|||&#8220;]<\/p>\n<p><strong style=\"font-size: 19px;\">Deine Aufgaben:<\/strong><\/p>\n<ul>\n<li>Produktionszeichnungen lesen und verstehen<\/li>\n<li>Plattenzuschnitt \/ Kantenbearbeitung \/ Mineralwerkstoffbearbeitung\u00a0<\/li>\n<li>Furnierverarbeitung\/ \/ Massivholzbearbeitung<\/li>\n<li>Oberfl\u00e4chenbearbeitung (Schleifen \/ Lackieren \/ \u00d6len)<\/li>\n<li>Bedienen von CNC gesteuerten Maschinen<\/li>\n<li><span style=\"font-size: 19px;\">Saubere und fachgerechte Montage von produzierten Fertigm\u00f6beln<\/span><\/li>\n<\/ul>\n<p><strong>Unsere Anforderungen an Dich:<\/strong><\/p>\n<ul>\n<li>Erfolgreich abgeschlossene Ausbildung zum Tischlergesellen\/-in<\/li>\n<li>handwerkliche Tugenden<\/li>\n<li>Mehrere Jahre Berufserfahrung<\/li>\n<li>Kunden- und unternehmensorientiertes Handeln<\/li>\n<li>Freundliches, respektvolles und kompetentes Auftreten<\/li>\n<li>Im Team freuen Sie sich auf die Zusammenarbeit und den Erfahrungsaustausch mit Kollegen<\/li>\n<li>Vorkenntnisse in CNC-Steuerung w\u00fcnschenswert (HOMAG, Morbidelli, IMA, Giben), aber keine Voraussetzung<\/li>\n<li>F\u00fchrerschein Klasse III<\/li>\n<\/ul>\n<p><strong>Das erwartet Dich:<br \/> <\/strong><\/p>\n<ul>\n<li>Ein famili\u00e4res Betriebsklima mit kurzen Entscheidungswegen<\/li>\n<li>Herausfordernde, abwechslungsreiche Aufgaben und Eigenverantwortung<\/li>\n<li>M\u00f6glichkeiten der pers\u00f6nlichen Weiterbildung<\/li>\n<li>Ein unbefristeter Arbeitsvertrag<\/li>\n<\/ul>\n<p>[\/et_pb_text][et_pb_divider show_divider=&#8220;off&#8220; _builder_version=&#8220;3.23.4&#8243; height=&#8220;15px&#8220;][\/et_pb_divider][et_pb_text _builder_version=&#8220;3.27.4&#8243; module_alignment=&#8220;left&#8220; border_color_all=&#8220;#ffffff&#8220; use_border_color=&#8220;off&#8220;]<\/p>\n<p><strong>Haben wir Dein Interesse geweckt?<\/strong><br \/> Dann freuen wir uns \u00fcber Deine aussagekr\u00e4ftige Bewerbung per Mail an <span style=\"color: #820e12;\"><strong>paetzel@elbstand.de<\/strong><\/span> und<span style=\"color: #820e12;\"><strong>\u00a0gottwald@elbstand.de<\/strong><\/span>, z.H. Frau P\u00e4tzel bzw. Herrn Gottwald<\/p>\n<p>[\/et_pb_text][\/et_pb_column][\/et_pb_row][et_pb_row padding_mobile=&#8220;off&#8220; column_padding_mobile=&#8220;on&#8220; _builder_version=&#8220;3.25&#8243; background_size=&#8220;initial&#8220; background_position=&#8220;top_left&#8220; background_repeat=&#8220;repeat&#8220; custom_padding=&#8220;0px|||&#8220; make_fullwidth=&#8220;off&#8220; use_custom_width=&#8220;off&#8220; width_unit=&#8220;on&#8220; min_height=&#8220;54px&#8220;][et_pb_column type=&#8220;4_4&#8243; _builder_version=&#8220;3.25&#8243; custom_padding=&#8220;|||&#8220; custom_padding__hover=&#8220;|||&#8220;][et_pb_divider color=&#8220;#c9c9c9&#8243; _builder_version=&#8220;3.0.89&#8243;][\/et_pb_divider][\/et_pb_column][\/et_pb_row][et_pb_row padding_mobile=&#8220;off&#8220; column_padding_mobile=&#8220;on&#8220; _builder_version=&#8220;3.25&#8243; background_size=&#8220;initial&#8220; background_position=&#8220;top_left&#8220; background_repeat=&#8220;repeat&#8220; custom_padding=&#8220;0px|||&#8220; column_structure=&#8220;1_3,2_3&#8243;][et_pb_column type=&#8220;1_3&#8243; _builder_version=&#8220;3.25&#8243; custom_padding=&#8220;|||&#8220; custom_padding__hover=&#8220;|||&#8220;][et_pb_text disabled_on=&#8220;on|on|on&#8220; _builder_version=&#8220;3.27.4&#8243; header_text_align=&#8220;center&#8220; background_layout=&#8220;dark&#8220; module_alignment=&#8220;left&#8220; border_color_all=&#8220;#ffffff&#8220; use_border_color=&#8220;off&#8220; disabled=&#8220;on&#8220;]<\/p>\n<h2><strong><span style=\"color: #7b7c7e;\">Junior Projektleiter\/-in im Messebau<\/span><\/strong><\/h2>\n<p>[\/et_pb_text][\/et_pb_column][et_pb_column type=&#8220;2_3&#8243; _builder_version=&#8220;3.25&#8243; custom_padding=&#8220;|||&#8220; custom_padding__hover=&#8220;|||&#8220;][et_pb_text disabled_on=&#8220;on|on|on&#8220; _builder_version=&#8220;3.27.4&#8243; module_alignment=&#8220;left&#8220; border_color_all=&#8220;#ffffff&#8220; use_border_color=&#8220;off&#8220; disabled=&#8220;on&#8220;]<strong>Ihre Aufgaben:<\/strong><\/p>\n<ul>\n<li>Projektmanagement<\/li>\n<li>Abwicklung von Messekonzepten<\/li>\n<li>Koordination und Bestellungen bei Lieferanten<\/li>\n<li>Angebotserstellung, Projekt-Controlling und Nachbearbeitung<\/li>\n<li>Koordination mit Monteuren, \u00f6rtlichen Dienstleistern, Messeveranstaltern und Kunden<\/li>\n<li>\u00dcbergabe von Messest\u00e4nden an Kunden und damit verbundene Reiset\u00e4tigkeit (international)<\/li>\n<li>Erarbeitung technischer Detaill\u00f6sungen<\/li>\n<\/ul>\n<p><strong>Unsere Anforderungen an Sie:<\/strong><\/p>\n<ul>\n<li>Sie haben eine abgeschlossene Ausbildung als Holztechniker, Innenarchitekt, Veranstaltungskaufmann \/-frau oder einem vergleichbaren Beruf<\/li>\n<li>Mindestens 2 Jahre Berufserfahrung im Messebau<\/li>\n<li>F\u00fchrerschein Klasse B zwingend erforderlich<\/li>\n<li>kaufm\u00e4nnische Grundkenntnisse<\/li>\n<li>Hohe Einsatzbereitschaft, strukturierte Arbeitsweise sowie hohe Kommunikationsf\u00e4higkeit im Team als auch im Kundengespr\u00e4ch<\/li>\n<li>Sicheres Beherrschen von MS-Office, Pytha- und CAD Kenntnisse sind von Vorteil (keine Bedingung)<\/li>\n<li>Sehr gute Deutsch- und gute Englisch-Kenntnisse in Wort und Schrift<\/li>\n<li>Eigenst\u00e4ndige und zielorientierte Arbeitsweise<\/li>\n<li>Belastbarkeit und Flexibilit\u00e4t<\/li>\n<li>Einhaltung unserer Unternehmens- und Qualit\u00e4tsstandards sowie tadelloses Auftreten und professionelles Verhalten<\/li>\n<\/ul>\n<p><strong>Es erwartet Sie:<br \/>\n<\/strong><\/p>\n<ul>\n<li>Ein famili\u00e4res Betriebsklima mit kurzen Entscheidungswegen<\/li>\n<li>Herausfordernde, abwechslungsreiche Aufgaben und Eigenverantwortung<\/li>\n<li>Ein unbefristeter Arbeitsvertrag<\/li>\n<li>Zukunftssicherer Arbeitsplatz<\/li>\n<li>Hervorragende Entwicklungschancen<\/li>\n<\/ul>\n<p>[\/et_pb_text][et_pb_divider show_divider=&#8220;off&#8220; disabled_on=&#8220;on|on|on&#8220; _builder_version=&#8220;3.23.4&#8243; height=&#8220;15px&#8220; disabled=&#8220;on&#8220;][\/et_pb_divider][et_pb_text disabled_on=&#8220;on|on|on&#8220; _builder_version=&#8220;3.27.4&#8243; module_alignment=&#8220;left&#8220; border_color_all=&#8220;#ffffff&#8220; use_border_color=&#8220;off&#8220; disabled=&#8220;on&#8220;]<strong>Haben wir Ihr Interesse geweckt?<\/strong><br \/>\nDann freuen wir uns \u00fcber Ihre aussagekr\u00e4ftige Bewerbung per Mail an <span style=\"color: #820e12;\"><strong>paetzel@elbstand.de<\/strong><\/span> und <span style=\"color: #820e12;\"><strong>info@elbstand.de<\/strong><\/span>, z.H. Frau P\u00e4tzel.<br \/>\n[\/et_pb_text][\/et_pb_column][\/et_pb_row][\/et_pb_section][et_pb_section fb_built=&#8220;1&#8243; custom_padding_last_edited=&#8220;on|desktop&#8220; admin_label=&#8220;Sektion&#8220; _builder_version=&#8220;3.22&#8243; background_color=&#8220;#820e12&#8243; parallax=&#8220;on&#8220; parallax_method=&#8220;off&#8220; custom_padding_tablet=&#8220;50px|0|50px|0&#8243; custom_padding_phone=&#8220;&#8220; transparent_background=&#8220;off&#8220; padding_mobile=&#8220;off&#8220; make_fullwidth=&#8220;off&#8220; use_custom_width=&#8220;off&#8220; width_unit=&#8220;on&#8220; global_module=&#8220;4038&#8243;][et_pb_row column_structure=&#8220;2_3,1_3&#8243; _builder_version=&#8220;3.25&#8243; background_size=&#8220;initial&#8220; background_position=&#8220;top_left&#8220; background_repeat=&#8220;repeat&#8220;][et_pb_column type=&#8220;2_3&#8243; _builder_version=&#8220;3.25&#8243; custom_padding=&#8220;|||&#8220; custom_padding__hover=&#8220;|||&#8220;][et_pb_text _builder_version=&#8220;3.27.4&#8243; text_font=&#8220;Times New Roman||||&#8220; background_size=&#8220;initial&#8220; background_position=&#8220;top_left&#8220; background_repeat=&#8220;repeat&#8220; use_border_color=&#8220;off&#8220; border_color=&#8220;#ffffff&#8220; border_style=&#8220;solid&#8220;]<\/p>\n<div class=\"kontakt-headline\">WHAT CAN WE DO FOR YOU?<\/div>\n<h4><span style=\"color: #ffffff;\">Ob Messebau, Ladenbau, Tischlerei oder Eventaustattung &#8211; wir finden Ihre L\u00f6sung.<\/span><\/h4>\n<p>\u00a0<\/p>\n<p>[\/et_pb_text][\/et_pb_column][et_pb_column type=&#8220;1_3&#8243; _builder_version=&#8220;3.25&#8243; custom_padding=&#8220;|||&#8220; custom_padding__hover=&#8220;|||&#8220;][et_pb_button button_url=&#8220;https:\/\/www.elbstand.de\/kontakt-elbstand\/&#8220; button_text=&#8220;KONTAKT&#8220; button_alignment=&#8220;left&#8220; _builder_version=&#8220;3.16&#8243; custom_button=&#8220;on&#8220; button_text_size=&#8220;16&#8243; button_text_color=&#8220;#ffffff&#8220; button_border_color=&#8220;#ffffff&#8220; button_border_radius=&#8220;4&#8243; button_letter_spacing_hover=&#8220;0&#8243; button_text_size__hover_enabled=&#8220;off&#8220; button_one_text_size__hover_enabled=&#8220;off&#8220; button_two_text_size__hover_enabled=&#8220;off&#8220; button_text_color__hover_enabled=&#8220;off&#8220; button_one_text_color__hover_enabled=&#8220;off&#8220; button_two_text_color__hover_enabled=&#8220;off&#8220; button_border_width__hover_enabled=&#8220;off&#8220; button_one_border_width__hover_enabled=&#8220;off&#8220; button_two_border_width__hover_enabled=&#8220;off&#8220; button_border_color__hover_enabled=&#8220;off&#8220; button_one_border_color__hover_enabled=&#8220;off&#8220; button_two_border_color__hover_enabled=&#8220;off&#8220; button_border_radius__hover_enabled=&#8220;off&#8220; button_one_border_radius__hover_enabled=&#8220;off&#8220; button_two_border_radius__hover_enabled=&#8220;off&#8220; button_letter_spacing__hover_enabled=&#8220;on&#8220; button_letter_spacing__hover=&#8220;0&#8243; button_one_letter_spacing__hover_enabled=&#8220;off&#8220; button_two_letter_spacing__hover_enabled=&#8220;off&#8220; button_bg_color__hover_enabled=&#8220;off&#8220; button_one_bg_color__hover_enabled=&#8220;off&#8220; button_two_bg_color__hover_enabled=&#8220;off&#8220;][\/et_pb_button][\/et_pb_column][\/et_pb_row][\/et_pb_section]<\/p>","protected":false},"excerpt":{"rendered":"<p>[et_pb_section fb_built=&#8220;1&#8243; fullwidth=&#8220;on&#8220; custom_padding_last_edited=&#8220;on|desktop&#8220; admin_label=&#8220;section&#8220; _builder_version=&#8220;3.22&#8243; background_color=&#8220;#ffffff&#8220; background_image=&#8220;https:\/\/www.elbstand.de\/wp-content\/uploads\/2016\/07\/elbstand_hamburg.jpg&#8220; parallax=&#8220;on&#8220; custom_padding_tablet=&#8220;50px|0|50px|0&#8243; custom_padding_phone=&#8220;&#8220; custom_css_main_element=&#8220;height:300px;&#8220; transparent_background=&#8220;off&#8220; padding_mobile=&#8220;off&#8220; make_fullwidth=&#8220;off&#8220; use_custom_width=&#8220;off&#8220; width_unit=&#8220;on&#8220; global_module=&#8220;4213&#8243;][\/et_pb_section][et_pb_section fb_built=&#8220;1&#8243; custom_padding_last_edited=&#8220;on|desktop&#8220; module_id=&#8220;messebau&#8220; _builder_version=&#8220;3.22&#8243; background_color=&#8220;#ffffff&#8220; custom_padding_tablet=&#8220;50px|0|50px|0&#8243; custom_padding_phone=&#8220;&#8220; transparent_background=&#8220;off&#8220; padding_mobile=&#8220;off&#8220; make_fullwidth=&#8220;off&#8220; use_custom_width=&#8220;off&#8220; width_unit=&#8220;on&#8220;][et_pb_row _builder_version=&#8220;3.25&#8243; background_size=&#8220;initial&#8220; background_position=&#8220;top_left&#8220; background_repeat=&#8220;repeat&#8220;][et_pb_column type=&#8220;4_4&#8243; _builder_version=&#8220;3.25&#8243; custom_padding=&#8220;|||&#8220; custom_padding__hover=&#8220;|||&#8220;][et_pb_text _builder_version=&#8220;3.27.4&#8243; module_alignment=&#8220;left&#8220; custom_padding=&#8220;||-10px|&#8220; border_color_all=&#8220;#ffffff&#8220; border_style_all=&#8220;solid&#8220; use_border_color=&#8220;off&#8220; border_color=&#8220;#ffffff&#8220; border_style=&#8220;solid&#8220;] WIR SUCHEN VERST\u00c4RKUNG STELLENANGEBOTE [\/et_pb_text][\/et_pb_column][\/et_pb_row][et_pb_row padding_mobile=&#8220;off&#8220; column_padding_mobile=&#8220;on&#8220; _builder_version=&#8220;3.25&#8243; background_size=&#8220;initial&#8220; [&hellip;]<\/p>","protected":false},"author":1,"featured_media":0,"parent":0,"menu_order":0,"comment_status":"closed","ping_status":"closed","template":"","meta":{"_et_pb_use_builder":"on","_et_pb_old_content":"","_et_gb_content_width":""},"_links":{"self":[{"href":"https:\/\/www.elbstand.de\/en\/wp-json\/wp\/v2\/pages\/4639"}],"collection":[{"href":"https:\/\/www.elbstand.de\/en\/wp-json\/wp\/v2\/pages"}],"about":[{"href":"https:\/\/www.elbstand.de\/en\/wp-json\/wp\/v2\/types\/page"}],"author":[{"embeddable":true,"href":"https:\/\/www.elbstand.de\/en\/wp-json\/wp\/v2\/users\/1"}],"replies":[{"embeddable":true,"href":"https:\/\/www.elbstand.de\/en\/wp-json\/wp\/v2\/comments?post=4639"}],"version-history":[{"count":31,"href":"https:\/\/www.elbstand.de\/en\/wp-json\/wp\/v2\/pages\/4639\/revisions"}],"predecessor-version":[{"id":4761,"href":"https:\/\/www.elbstand.de\/en\/wp-json\/wp\/v2\/pages\/4639\/revisions\/4761"}],"wp:attachment":[{"href":"https:\/\/www.elbstand.de\/en\/wp-json\/wp\/v2\/media?parent=4639"}],"curies":[{"name":"wp","href":"https:\/\/api.w.org\/{rel}","templated":true}]}}